{"id":658,"date":"2025-10-08T21:24:36","date_gmt":"2025-10-09T02:24:36","guid":{"rendered":"https:\/\/tienda.agranbodega.tech\/?post_type=product&#038;p=658"},"modified":"2025-10-20T22:59:13","modified_gmt":"2025-10-21T03:59:13","slug":"parches-slim-patch","status":"publish","type":"product","link":"https:\/\/tienda.agranbodega.tech\/index.php\/product\/parches-slim-patch\/","title":{"rendered":"Parches SLIM PATCH"},"content":{"rendered":"<h2 data-start=\"328\" data-end=\"365\">\ud83d\udc9c PARCHES ADELGAZANTES SLIM PATCH<\/h2>\n<p data-start=\"367\" data-end=\"727\">\u00bfQuieres perder peso sin dietas extremas ni rutinas imposibles? Los <strong data-start=\"435\" data-end=\"449\">Slim Patch<\/strong> son tu aliado natural para eliminar grasa y depurar tu cuerpo de forma segura, c\u00f3moda y efectiva. \ud83c\udf3f<br data-start=\"550\" data-end=\"553\" \/>Hechos con <strong data-start=\"564\" data-end=\"595\">ingredientes 100% org\u00e1nicos<\/strong> y tecnolog\u00eda de absorci\u00f3n transd\u00e9rmica, estos parches act\u00faan directamente sobre tu metabolismo mientras t\u00fa sigues con tu d\u00eda a d\u00eda.<\/p>\n<h3 data-start=\"729\" data-end=\"782\">\ud83c\udf1f Resultados visibles desde las primeras semanas<\/h3>\n<p data-start=\"784\" data-end=\"1086\">Desde el primer mes notar\u00e1s c\u00f3mo tu cuerpo se siente <strong data-start=\"837\" data-end=\"883\">m\u00e1s liviano, tonificado y con m\u00e1s energ\u00eda.<\/strong><br data-start=\"883\" data-end=\"886\" \/>Los <strong data-start=\"890\" data-end=\"904\">Slim Patch<\/strong> estimulan el sistema endocrino, ayudando a tu organismo a <strong data-start=\"963\" data-end=\"1016\">quemar grasa, carbohidratos y az\u00facares acumulados<\/strong>, al mismo tiempo que reducen el apetito y la ansiedad por comer. \ud83d\udcaa\ud83c\udffd<\/p>\n<h3 data-start=\"1088\" data-end=\"1116\">\u2705 Beneficios principales<\/h3>\n<ul data-start=\"1118\" data-end=\"1565\">\n<li data-start=\"1118\" data-end=\"1190\">\n<p data-start=\"1120\" data-end=\"1190\">\ud83d\udd25 <strong data-start=\"1123\" data-end=\"1149\">Acelera el metabolismo<\/strong> y favorece la quema de grasa corporal.<\/p>\n<\/li>\n<li data-start=\"1191\" data-end=\"1270\">\n<p data-start=\"1193\" data-end=\"1270\">\ud83d\udca7 <strong data-start=\"1196\" data-end=\"1215\">Elimina toxinas<\/strong> y l\u00edquidos retenidos a trav\u00e9s del sistema linf\u00e1tico.<\/p>\n<\/li>\n<li data-start=\"1271\" data-end=\"1336\">\n<p data-start=\"1273\" data-end=\"1336\">\ud83c\udf43 <strong data-start=\"1276\" data-end=\"1299\">Controla el apetito<\/strong> y reduce los antojos innecesarios.<\/p>\n<\/li>\n<li data-start=\"1337\" data-end=\"1400\">\n<p data-start=\"1339\" data-end=\"1400\">\ud83e\ude71 <strong data-start=\"1342\" data-end=\"1360\">Reduce medidas<\/strong> en abdomen, brazos, cintura y muslos.<\/p>\n<\/li>\n<li data-start=\"1401\" data-end=\"1485\">\n<p data-start=\"1403\" data-end=\"1485\">\ud83d\udc9a <strong data-start=\"1406\" data-end=\"1432\">100% natural y seguro:<\/strong> sin efectos secundarios, sin pastillas ni rebotes.<\/p>\n<\/li>\n<li data-start=\"1486\" data-end=\"1565\">\n<p data-start=\"1488\" data-end=\"1565\">\ud83c\udf19 <strong data-start=\"1491\" data-end=\"1506\">Uso c\u00f3modo:<\/strong> act\u00faa mientras duermes o realizas tus actividades diarias.<\/p>\n<\/li>\n<\/ul>\n<h3 data-start=\"1567\" data-end=\"1603\">\ud83d\udd52 \u00bfC\u00f3mo se usan los Slim Patch?<\/h3>\n<ol data-start=\"1605\" data-end=\"1901\">\n<li data-start=\"1605\" data-end=\"1691\">\n<p data-start=\"1608\" data-end=\"1691\">Limpia y seca bien la zona donde aplicar\u00e1s el parche (abdomen, brazos o piernas).<\/p>\n<\/li>\n<li data-start=\"1692\" data-end=\"1751\">\n<p data-start=\"1695\" data-end=\"1751\">Retira el adhesivo protector y col\u00f3calo sobre la piel.<\/p>\n<\/li>\n<li data-start=\"1752\" data-end=\"1828\">\n<p data-start=\"1755\" data-end=\"1828\">D\u00e9jalo actuar entre <strong data-start=\"1775\" data-end=\"1800\">6 y 8 horas continuas<\/strong> (ideal durante la noche).<\/p>\n<\/li>\n<li data-start=\"1829\" data-end=\"1901\">\n<p data-start=\"1832\" data-end=\"1901\">Ret\u00edralo y limpia suavemente la zona antes de aplicar el siguiente.<\/p>\n<\/li>\n<\/ol>\n<p data-start=\"1903\" data-end=\"1993\">Se recomienda usar <strong data-start=\"1922\" data-end=\"1958\">un parche diario durante 30 d\u00edas<\/strong> para notar resultados progresivos.<\/p>\n<h3 data-start=\"1995\" data-end=\"2027\">\ud83d\udce6 Presentaci\u00f3n del producto<\/h3>\n<p data-start=\"2029\" data-end=\"2125\">Cada caja contiene <strong data-start=\"2048\" data-end=\"2075\">30 parches individuales<\/strong>, suficientes para un mes completo de tratamiento.<\/p>\n<h3 data-start=\"2127\" data-end=\"2157\">\ud83d\udca5 Promociones disponibles<\/h3>\n<p data-start=\"2159\" data-end=\"2421\">\ud83d\udc9c <strong data-start=\"2162\" data-end=\"2198\">3 Cajas x $89.900 \u2013 Env\u00edo GRATIS<\/strong><br data-start=\"2198\" data-end=\"2201\" \/>\ud83d\udc9a <strong data-start=\"2204\" data-end=\"2240\">2 Cajas x $69.900 \u2013 Env\u00edo GRATIS<\/strong><br data-start=\"2240\" data-end=\"2243\" \/>\ud83e\udde1 <strong data-start=\"2246\" data-end=\"2285\">1 Caja x $49.900 + $10.000 de env\u00edo<\/strong><br data-start=\"2285\" data-end=\"2288\" \/>\ud83c\udf81 \u00a1Obsequio gratis por la compra de 2 cajas o m\u00e1s!<br data-start=\"2339\" data-end=\"2342\" \/>\u2708\ufe0f Env\u00edos GRATIS a toda Colombia \ud83c\udde8\ud83c\uddf4<\/p>\n","protected":false},"excerpt":{"rendered":"<ul>\n<li data-start=\"220\" data-end=\"600\">Hechos con ingredientes naturales que ayudan a <strong data-start=\"259\" data-end=\"286\">acelerar el metabolismo<\/strong>, <strong data-start=\"288\" data-end=\"316\">eliminar grasa y toxinas<\/strong>, y <strong data-start=\"320\" data-end=\"344\">controlar el apetito<\/strong> de forma segura.<\/li>\n<li data-start=\"220\" data-end=\"600\">Ideales para reducir medidas en abdomen, brazos y cintura sin dietas extremas.<\/li>\n<li data-start=\"220\" data-end=\"600\">F\u00e1ciles de usar, c\u00f3modos y discretos: act\u00faan mientras duermes. \ud83c\udf19<\/li>\n<li data-start=\"220\" data-end=\"600\"><strong data-start=\"513\" data-end=\"564\">Resultados visibles desde las primeras semanas.<\/strong><\/li>\n<\/ul>\n","protected":false},"featured_media":680,"comment_status":"open","ping_status":"closed","template":"","meta":{"_joinchat":[]},"product_brand":[],"product_cat":[22],"product_tag":[],"class_list":{"0":"post-658","1":"product","2":"type-product","3":"status-publish","4":"has-post-thumbnail","6":"product_cat-cuidado","8":"first","9":"instock","10":"shipping-taxable","11":"purchasable","12":"product-type-simple"},"jetpack_sharing_enabled":true,"tiered_pricing_type":"fixed","tiered_pricing_fixed_rules":{"2":34950,"3":29966},"tiered_pricing_product_settings":{"layout":"default","base_unit_name":{"singular":null,"plural":null},"default_variation":null},"tiered_pricing_minimum_quantity":null,"tiered_pricing_roles_data":[],"tiered_pricing_percentage_rules":[],"_links":{"self":[{"href":"https:\/\/tienda.agranbodega.tech\/index.php\/wp-json\/wp\/v2\/product\/658","targetHints":{"allow":["GET"]}}],"collection":[{"href":"https:\/\/tienda.agranbodega.tech\/index.php\/wp-json\/wp\/v2\/product"}],"about":[{"href":"https:\/\/tienda.agranbodega.tech\/index.php\/wp-json\/wp\/v2\/types\/product"}],"replies":[{"embeddable":true,"href":"https:\/\/tienda.agranbodega.tech\/index.php\/wp-json\/wp\/v2\/comments?post=658"}],"wp:featuredmedia":[{"embeddable":true,"href":"https:\/\/tienda.agranbodega.tech\/index.php\/wp-json\/wp\/v2\/media\/680"}],"wp:attachment":[{"href":"https:\/\/tienda.agranbodega.tech\/index.php\/wp-json\/wp\/v2\/media?parent=658"}],"wp:term":[{"taxonomy":"product_brand","embeddable":true,"href":"https:\/\/tienda.agranbodega.tech\/index.php\/wp-json\/wp\/v2\/product_brand?post=658"},{"taxonomy":"product_cat","embeddable":true,"href":"https:\/\/tienda.agranbodega.tech\/index.php\/wp-json\/wp\/v2\/product_cat?post=658"},{"taxonomy":"product_tag","embeddable":true,"href":"https:\/\/tienda.agranbodega.tech\/index.php\/wp-json\/wp\/v2\/product_tag?post=658"}],"curies":[{"name":"wp","href":"https:\/\/api.w.org\/{rel}","templated":true}]}}